{"id":242,"date":"2022-04-08T11:42:27","date_gmt":"2022-04-08T11:42:27","guid":{"rendered":"https:\/\/thorahlgren.se\/?page_id=242"},"modified":"2023-02-07T12:00:43","modified_gmt":"2023-02-07T12:00:43","slug":"news_archive","status":"publish","type":"page","link":"https:\/\/www.thorahlgren.se\/fi\/news_archive\/","title":{"rendered":"Mit\u00e4 uutta"},"content":{"rendered":"<div data-elementor-type=\"wp-page\" data-elementor-id=\"242\" class=\"elementor elementor-242\" data-elementor-post-type=\"page\">\n\t\t\t\t\t\t<section class=\"elementor-section elementor-top-section elementor-element elementor-element-5b76b70e elementor-section-full_width elementor-section-content-middle elementor-reverse-mobile elementor-section-height-default elementor-section-height-default\" data-id=\"5b76b70e\" data-element_type=\"section\" data-e-type=\"section\">\n\t\t\t\t\t\t<div class=\"elementor-container elementor-column-gap-default\">\n\t\t\t\t\t<div class=\"elementor-column elementor-col-100 elementor-top-column elementor-element elementor-element-4d61cd77\" data-id=\"4d61cd77\" data-element_type=\"column\" data-e-type=\"column\">\n\t\t\t<div class=\"elementor-widget-wrap elementor-element-populated\">\n\t\t\t\t\t\t<div class=\"elementor-element elementor-element-155b0ae5 elementor-grid-3 elementor-grid-tablet-2 elementor-grid-mobile-1 elementor-posts--thumbnail-top load-more-align-center elementor-widget elementor-widget-posts\" data-id=\"155b0ae5\" data-element_type=\"widget\" data-e-type=\"widget\" data-settings=\"{&quot;pagination_type&quot;:&quot;load_more_on_click&quot;,&quot;classic_columns&quot;:&quot;3&quot;,&quot;classic_columns_tablet&quot;:&quot;2&quot;,&quot;classic_columns_mobile&quot;:&quot;1&quot;,&quot;classic_row_gap&quot;:{&quot;unit&quot;:&quot;px&quot;,&quot;size&quot;:35,&quot;sizes&quot;:[]},&quot;classic_row_gap_tablet&quot;:{&quot;unit&quot;:&quot;px&quot;,&quot;size&quot;:&quot;&quot;,&quot;sizes&quot;:[]},&quot;classic_row_gap_mobile&quot;:{&quot;unit&quot;:&quot;px&quot;,&quot;size&quot;:&quot;&quot;,&quot;sizes&quot;:[]},&quot;load_more_spinner&quot;:{&quot;value&quot;:&quot;fas fa-spinner&quot;,&quot;library&quot;:&quot;fa-solid&quot;}}\" data-widget_type=\"posts.classic\">\n\t\t\t\t<div class=\"elementor-widget-container\">\n\t\t\t\t\t\t\t<div class=\"elementor-posts-container elementor-posts elementor-posts--skin-classic elementor-grid\" role=\"list\">\n\t\t\t\t<article class=\"elementor-post elementor-grid-item post-2013 post type-post status-publish format-standard has-post-thumbnail hentry category-nyheter\" role=\"listitem\">\n\t\t\t\t<a class=\"elementor-post__thumbnail__link\" href=\"https:\/\/www.thorahlgren.se\/fi\/ecovadis-silver\/\" tabindex=\"-1\" >\n\t\t\t<div class=\"elementor-post__thumbnail\"><img fetchpriority=\"high\" decoding=\"async\" width=\"768\" height=\"432\" src=\"https:\/\/www.thorahlgren.se\/wp-content\/uploads\/2026\/01\/ecovadis_2026-768x432.jpg\" class=\"attachment-medium_large size-medium_large wp-image-2014\" alt=\"\" srcset=\"https:\/\/www.thorahlgren.se\/wp-content\/uploads\/2026\/01\/ecovadis_2026-768x432.jpg 768w, https:\/\/www.thorahlgren.se\/wp-content\/uploads\/2026\/01\/ecovadis_2026-300x169.jpg 300w, https:\/\/www.thorahlgren.se\/wp-content\/uploads\/2026\/01\/ecovadis_2026-1024x576.jpg 1024w, https:\/\/www.thorahlgren.se\/wp-content\/uploads\/2026\/01\/ecovadis_2026-1536x864.jpg 1536w, https:\/\/www.thorahlgren.se\/wp-content\/uploads\/2026\/01\/ecovadis_2026-18x10.jpg 18w, https:\/\/www.thorahlgren.se\/wp-content\/uploads\/2026\/01\/ecovadis_2026.jpg 1920w\" sizes=\"(max-width: 768px) 100vw, 768px\" \/><\/div>\n\t\t<\/a>\n\t\t\t\t<div class=\"elementor-post__text\">\n\t\t\t\t<h3 class=\"elementor-post__title\">\n\t\t\t<a href=\"https:\/\/www.thorahlgren.se\/fi\/ecovadis-silver\/\" >\n\t\t\t\tECOVADIS SILVER!\t\t\t<\/a>\n\t\t<\/h3>\n\t\t\t\t<div class=\"elementor-post__excerpt\">\n\t\t\t<p>ECOVADIS SILVER!<\/p>\n\t\t<\/div>\n\t\t\n\t\t<a class=\"elementor-post__read-more\" href=\"https:\/\/www.thorahlgren.se\/fi\/ecovadis-silver\/\" aria-label=\"Lue lis\u00e4\u00e4 ECOVADIS SILVER!\" tabindex=\"-1\" >\n\t\t\tLue lis\u00e4\u00e4 \"\t\t<\/a>\n\n\t\t\t\t<\/div>\n\t\t\t\t<\/article>\n\t\t\t\t<article class=\"elementor-post elementor-grid-item post-1990 post type-post status-publish format-standard has-post-thumbnail hentry category-nyheter\" role=\"listitem\">\n\t\t\t\t<a class=\"elementor-post__thumbnail__link\" href=\"https:\/\/www.thorahlgren.se\/fi\/hyvaa-joulua-ja-hyvaa-uutta-vuotta-2\/\" tabindex=\"-1\" >\n\t\t\t<div class=\"elementor-post__thumbnail\"><img decoding=\"async\" width=\"768\" height=\"432\" src=\"https:\/\/www.thorahlgren.se\/wp-content\/uploads\/2025\/12\/jul2_1920x1080-768x432.jpg\" class=\"attachment-medium_large size-medium_large wp-image-1996\" alt=\"\" srcset=\"https:\/\/www.thorahlgren.se\/wp-content\/uploads\/2025\/12\/jul2_1920x1080-768x432.jpg 768w, https:\/\/www.thorahlgren.se\/wp-content\/uploads\/2025\/12\/jul2_1920x1080-300x169.jpg 300w, https:\/\/www.thorahlgren.se\/wp-content\/uploads\/2025\/12\/jul2_1920x1080-1024x576.jpg 1024w, https:\/\/www.thorahlgren.se\/wp-content\/uploads\/2025\/12\/jul2_1920x1080-1536x864.jpg 1536w, https:\/\/www.thorahlgren.se\/wp-content\/uploads\/2025\/12\/jul2_1920x1080-18x10.jpg 18w, https:\/\/www.thorahlgren.se\/wp-content\/uploads\/2025\/12\/jul2_1920x1080.jpg 1920w\" sizes=\"(max-width: 768px) 100vw, 768px\" \/><\/div>\n\t\t<\/a>\n\t\t\t\t<div class=\"elementor-post__text\">\n\t\t\t\t<h3 class=\"elementor-post__title\">\n\t\t\t<a href=\"https:\/\/www.thorahlgren.se\/fi\/hyvaa-joulua-ja-hyvaa-uutta-vuotta-2\/\" >\n\t\t\t\tHyv\u00e4\u00e4 joulua ja onnellista uutta vuotta\t\t\t<\/a>\n\t\t<\/h3>\n\t\t\t\t<div class=\"elementor-post__excerpt\">\n\t\t\t\t\t<\/div>\n\t\t\n\t\t<a class=\"elementor-post__read-more\" href=\"https:\/\/www.thorahlgren.se\/fi\/hyvaa-joulua-ja-hyvaa-uutta-vuotta-2\/\" aria-label=\"Lue lis\u00e4\u00e4 aiheesta: Hyv\u00e4\u00e4 joulua ja onnellista uutta vuotta\" tabindex=\"-1\" >\n\t\t\tLue lis\u00e4\u00e4 \"\t\t<\/a>\n\n\t\t\t\t<\/div>\n\t\t\t\t<\/article>\n\t\t\t\t<article class=\"elementor-post elementor-grid-item post-1912 post type-post status-publish format-standard has-post-thumbnail hentry category-nyheter\" role=\"listitem\">\n\t\t\t\t<a class=\"elementor-post__thumbnail__link\" href=\"https:\/\/www.thorahlgren.se\/fi\/autot\/\" tabindex=\"-1\" >\n\t\t\t<div class=\"elementor-post__thumbnail\"><img decoding=\"async\" width=\"768\" height=\"432\" src=\"https:\/\/www.thorahlgren.se\/wp-content\/uploads\/2025\/10\/nyhet_bilen3-768x432.jpg\" class=\"attachment-medium_large size-medium_large wp-image-1917\" alt=\"\" srcset=\"https:\/\/www.thorahlgren.se\/wp-content\/uploads\/2025\/10\/nyhet_bilen3-768x432.jpg 768w, https:\/\/www.thorahlgren.se\/wp-content\/uploads\/2025\/10\/nyhet_bilen3-300x169.jpg 300w, https:\/\/www.thorahlgren.se\/wp-content\/uploads\/2025\/10\/nyhet_bilen3-1024x576.jpg 1024w, https:\/\/www.thorahlgren.se\/wp-content\/uploads\/2025\/10\/nyhet_bilen3-1536x864.jpg 1536w, https:\/\/www.thorahlgren.se\/wp-content\/uploads\/2025\/10\/nyhet_bilen3-18x10.jpg 18w, https:\/\/www.thorahlgren.se\/wp-content\/uploads\/2025\/10\/nyhet_bilen3.jpg 1920w\" sizes=\"(max-width: 768px) 100vw, 768px\" \/><\/div>\n\t\t<\/a>\n\t\t\t\t<div class=\"elementor-post__text\">\n\t\t\t\t<h3 class=\"elementor-post__title\">\n\t\t\t<a href=\"https:\/\/www.thorahlgren.se\/fi\/autot\/\" >\n\t\t\t\tJokainen matka voi vaikuttaa\t\t\t<\/a>\n\t\t<\/h3>\n\t\t\t\t<div class=\"elementor-post__excerpt\">\n\t\t\t<p>Jokainen matka voi vaikuttaa. Thor Ahlgren ajaa kest\u00e4v\u00e4sti, sinun ja planeettamme puolesta.<\/p>\n\t\t<\/div>\n\t\t\n\t\t<a class=\"elementor-post__read-more\" href=\"https:\/\/www.thorahlgren.se\/fi\/autot\/\" aria-label=\"Lue lis\u00e4\u00e4 about Jokainen matka voi vaikuttaa\" tabindex=\"-1\" >\n\t\t\tLue lis\u00e4\u00e4 \"\t\t<\/a>\n\n\t\t\t\t<\/div>\n\t\t\t\t<\/article>\n\t\t\t\t<article class=\"elementor-post elementor-grid-item post-1883 post type-post status-publish format-standard has-post-thumbnail hentry category-nyheter\" role=\"listitem\">\n\t\t\t\t<a class=\"elementor-post__thumbnail__link\" href=\"https:\/\/www.thorahlgren.se\/fi\/hieno-reportaasi\/\" tabindex=\"-1\" >\n\t\t\t<div class=\"elementor-post__thumbnail\"><img loading=\"lazy\" decoding=\"async\" width=\"768\" height=\"432\" src=\"https:\/\/www.thorahlgren.se\/wp-content\/uploads\/2025\/08\/thor_reportage2-768x432.jpg\" class=\"attachment-medium_large size-medium_large wp-image-1884\" alt=\"\" srcset=\"https:\/\/www.thorahlgren.se\/wp-content\/uploads\/2025\/08\/thor_reportage2-768x432.jpg 768w, https:\/\/www.thorahlgren.se\/wp-content\/uploads\/2025\/08\/thor_reportage2-300x169.jpg 300w, https:\/\/www.thorahlgren.se\/wp-content\/uploads\/2025\/08\/thor_reportage2-1024x576.jpg 1024w, https:\/\/www.thorahlgren.se\/wp-content\/uploads\/2025\/08\/thor_reportage2-1536x864.jpg 1536w, https:\/\/www.thorahlgren.se\/wp-content\/uploads\/2025\/08\/thor_reportage2-18x10.jpg 18w, https:\/\/www.thorahlgren.se\/wp-content\/uploads\/2025\/08\/thor_reportage2.jpg 1920w\" sizes=\"(max-width: 768px) 100vw, 768px\" \/><\/div>\n\t\t<\/a>\n\t\t\t\t<div class=\"elementor-post__text\">\n\t\t\t\t<h3 class=\"elementor-post__title\">\n\t\t\t<a href=\"https:\/\/www.thorahlgren.se\/fi\/hieno-reportaasi\/\" >\n\t\t\t\tHieno raportti!!!\t\t\t<\/a>\n\t\t<\/h3>\n\t\t\t\t<div class=\"elementor-post__excerpt\">\n\t\t\t<p>Lue Gnosj\u00f6regionen.se:n kirjoittama hieno raportti meist\u00e4. LINKKI T\u00c4ST\u00c4:<\/p>\n\t\t<\/div>\n\t\t\n\t\t<a class=\"elementor-post__read-more\" href=\"https:\/\/www.thorahlgren.se\/fi\/hieno-reportaasi\/\" aria-label=\"Lue lis\u00e4\u00e4 aiheesta Nice report!!!\" tabindex=\"-1\" >\n\t\t\tLue lis\u00e4\u00e4 \"\t\t<\/a>\n\n\t\t\t\t<\/div>\n\t\t\t\t<\/article>\n\t\t\t\t<article class=\"elementor-post elementor-grid-item post-1458 post type-post status-publish format-standard has-post-thumbnail hentry category-nyheter\" role=\"listitem\">\n\t\t\t\t<a class=\"elementor-post__thumbnail__link\" href=\"https:\/\/www.thorahlgren.se\/fi\/kesa-2025\/\" tabindex=\"-1\" >\n\t\t\t<div class=\"elementor-post__thumbnail\"><img loading=\"lazy\" decoding=\"async\" width=\"768\" height=\"432\" src=\"https:\/\/www.thorahlgren.se\/wp-content\/uploads\/2025\/06\/summer2025-768x432.jpg\" class=\"attachment-medium_large size-medium_large wp-image-1459\" alt=\"\" srcset=\"https:\/\/www.thorahlgren.se\/wp-content\/uploads\/2025\/06\/summer2025-768x432.jpg 768w, https:\/\/www.thorahlgren.se\/wp-content\/uploads\/2025\/06\/summer2025-300x169.jpg 300w, https:\/\/www.thorahlgren.se\/wp-content\/uploads\/2025\/06\/summer2025-1024x576.jpg 1024w, https:\/\/www.thorahlgren.se\/wp-content\/uploads\/2025\/06\/summer2025-1536x864.jpg 1536w, https:\/\/www.thorahlgren.se\/wp-content\/uploads\/2025\/06\/summer2025.jpg 1920w\" sizes=\"(max-width: 768px) 100vw, 768px\" \/><\/div>\n\t\t<\/a>\n\t\t\t\t<div class=\"elementor-post__text\">\n\t\t\t\t<h3 class=\"elementor-post__title\">\n\t\t\t<a href=\"https:\/\/www.thorahlgren.se\/fi\/kesa-2025\/\" >\n\t\t\t\tKES\u00c4 2025!\t\t\t<\/a>\n\t\t<\/h3>\n\t\t\t\t<div class=\"elementor-post__excerpt\">\n\t\t\t<p>Olemme suljettu lomien vuoksi viikoilla 28-31<\/p>\n\t\t<\/div>\n\t\t\n\t\t<a class=\"elementor-post__read-more\" href=\"https:\/\/www.thorahlgren.se\/fi\/kesa-2025\/\" aria-label=\"Lue lis\u00e4\u00e4 SUMMAR 2025!\" tabindex=\"-1\" >\n\t\t\tLue lis\u00e4\u00e4 \"\t\t<\/a>\n\n\t\t\t\t<\/div>\n\t\t\t\t<\/article>\n\t\t\t\t<article class=\"elementor-post elementor-grid-item post-1250 post type-post status-publish format-standard has-post-thumbnail hentry category-nyheter\" role=\"listitem\">\n\t\t\t\t<a class=\"elementor-post__thumbnail__link\" href=\"https:\/\/www.thorahlgren.se\/fi\/hyvaa-joulua\/\" tabindex=\"-1\" >\n\t\t\t<div class=\"elementor-post__thumbnail\"><img loading=\"lazy\" decoding=\"async\" width=\"768\" height=\"432\" src=\"https:\/\/www.thorahlgren.se\/wp-content\/uploads\/2024\/12\/startxmas2024l_1920x1080-768x432.jpg\" class=\"attachment-medium_large size-medium_large wp-image-1246\" alt=\"\" srcset=\"https:\/\/www.thorahlgren.se\/wp-content\/uploads\/2024\/12\/startxmas2024l_1920x1080-768x432.jpg 768w, https:\/\/www.thorahlgren.se\/wp-content\/uploads\/2024\/12\/startxmas2024l_1920x1080-300x169.jpg 300w, https:\/\/www.thorahlgren.se\/wp-content\/uploads\/2024\/12\/startxmas2024l_1920x1080-1024x576.jpg 1024w, https:\/\/www.thorahlgren.se\/wp-content\/uploads\/2024\/12\/startxmas2024l_1920x1080-1536x864.jpg 1536w, https:\/\/www.thorahlgren.se\/wp-content\/uploads\/2024\/12\/startxmas2024l_1920x1080.jpg 1920w\" sizes=\"(max-width: 768px) 100vw, 768px\" \/><\/div>\n\t\t<\/a>\n\t\t\t\t<div class=\"elementor-post__text\">\n\t\t\t\t<h3 class=\"elementor-post__title\">\n\t\t\t<a href=\"https:\/\/www.thorahlgren.se\/fi\/hyvaa-joulua\/\" >\n\t\t\t\tHyv\u00e4\u00e4 joulua ja onnellista uutta vuotta\t\t\t<\/a>\n\t\t<\/h3>\n\t\t\t\t<div class=\"elementor-post__excerpt\">\n\t\t\t<p>Olemme kiinni joulun ajan viikolla 52 ja viikolla 1.<\/p>\n\t\t<\/div>\n\t\t\n\t\t<a class=\"elementor-post__read-more\" href=\"https:\/\/www.thorahlgren.se\/fi\/hyvaa-joulua\/\" aria-label=\"Lue lis\u00e4\u00e4 aiheesta: Hyv\u00e4\u00e4 joulua ja onnellista uutta vuotta\" tabindex=\"-1\" >\n\t\t\tLue lis\u00e4\u00e4 \"\t\t<\/a>\n\n\t\t\t\t<\/div>\n\t\t\t\t<\/article>\n\t\t\t\t<article class=\"elementor-post elementor-grid-item post-1017 post type-post status-publish format-standard has-post-thumbnail hentry category-nyheter\" role=\"listitem\">\n\t\t\t\t<a class=\"elementor-post__thumbnail__link\" href=\"https:\/\/www.thorahlgren.se\/fi\/takaisin-liiketoimintaan-ja\/\" tabindex=\"-1\" >\n\t\t\t<div class=\"elementor-post__thumbnail\"><img loading=\"lazy\" decoding=\"async\" width=\"768\" height=\"432\" src=\"https:\/\/www.thorahlgren.se\/wp-content\/uploads\/2024\/08\/THOR_FALL_INLAGG_2024_1920x1080-768x432.jpg\" class=\"attachment-medium_large size-medium_large wp-image-1018\" alt=\"\" srcset=\"https:\/\/www.thorahlgren.se\/wp-content\/uploads\/2024\/08\/THOR_FALL_INLAGG_2024_1920x1080-768x432.jpg 768w, https:\/\/www.thorahlgren.se\/wp-content\/uploads\/2024\/08\/THOR_FALL_INLAGG_2024_1920x1080-300x169.jpg 300w, https:\/\/www.thorahlgren.se\/wp-content\/uploads\/2024\/08\/THOR_FALL_INLAGG_2024_1920x1080-1024x576.jpg 1024w, https:\/\/www.thorahlgren.se\/wp-content\/uploads\/2024\/08\/THOR_FALL_INLAGG_2024_1920x1080-1536x864.jpg 1536w, https:\/\/www.thorahlgren.se\/wp-content\/uploads\/2024\/08\/THOR_FALL_INLAGG_2024_1920x1080.jpg 1920w\" sizes=\"(max-width: 768px) 100vw, 768px\" \/><\/div>\n\t\t<\/a>\n\t\t\t\t<div class=\"elementor-post__text\">\n\t\t\t\t<h3 class=\"elementor-post__title\">\n\t\t\t<a href=\"https:\/\/www.thorahlgren.se\/fi\/takaisin-liiketoimintaan-ja\/\" >\n\t\t\t\tBack In Business ja...\t\t\t<\/a>\n\t\t<\/h3>\n\t\t\t\t<div class=\"elementor-post__excerpt\">\n\t\t\t\t\t<\/div>\n\t\t\n\t\t<a class=\"elementor-post__read-more\" href=\"https:\/\/www.thorahlgren.se\/fi\/takaisin-liiketoimintaan-ja\/\" aria-label=\"Lue lis\u00e4\u00e4 aiheesta Back In Business ja...\" tabindex=\"-1\" >\n\t\t\tLue lis\u00e4\u00e4 \"\t\t<\/a>\n\n\t\t\t\t<\/div>\n\t\t\t\t<\/article>\n\t\t\t\t<article class=\"elementor-post elementor-grid-item post-943 post type-post status-publish format-standard has-post-thumbnail hentry category-nyheter\" role=\"listitem\">\n\t\t\t\t<a class=\"elementor-post__thumbnail__link\" href=\"https:\/\/www.thorahlgren.se\/fi\/kesa-2024\/\" tabindex=\"-1\" >\n\t\t\t<div class=\"elementor-post__thumbnail\"><img loading=\"lazy\" decoding=\"async\" width=\"768\" height=\"432\" src=\"https:\/\/www.thorahlgren.se\/wp-content\/uploads\/2024\/05\/THOR_SUMMER_2024_1920x1080-768x432.jpg\" class=\"attachment-medium_large size-medium_large wp-image-945\" alt=\"\" srcset=\"https:\/\/www.thorahlgren.se\/wp-content\/uploads\/2024\/05\/THOR_SUMMER_2024_1920x1080-768x432.jpg 768w, https:\/\/www.thorahlgren.se\/wp-content\/uploads\/2024\/05\/THOR_SUMMER_2024_1920x1080-300x169.jpg 300w, https:\/\/www.thorahlgren.se\/wp-content\/uploads\/2024\/05\/THOR_SUMMER_2024_1920x1080-1024x576.jpg 1024w, https:\/\/www.thorahlgren.se\/wp-content\/uploads\/2024\/05\/THOR_SUMMER_2024_1920x1080-1536x864.jpg 1536w, https:\/\/www.thorahlgren.se\/wp-content\/uploads\/2024\/05\/THOR_SUMMER_2024_1920x1080.jpg 1920w\" sizes=\"(max-width: 768px) 100vw, 768px\" \/><\/div>\n\t\t<\/a>\n\t\t\t\t<div class=\"elementor-post__text\">\n\t\t\t\t<h3 class=\"elementor-post__title\">\n\t\t\t<a href=\"https:\/\/www.thorahlgren.se\/fi\/kesa-2024\/\" >\n\t\t\t\tKES\u00c4 2024!\t\t\t<\/a>\n\t\t<\/h3>\n\t\t\t\t<div class=\"elementor-post__excerpt\">\n\t\t\t<p>Olemme suljettu lomien vuoksi viikoilla 28-31<\/p>\n\t\t<\/div>\n\t\t\n\t\t<a class=\"elementor-post__read-more\" href=\"https:\/\/www.thorahlgren.se\/fi\/kesa-2024\/\" aria-label=\"Lue lis\u00e4\u00e4 SUMMAR 2024!\" tabindex=\"-1\" >\n\t\t\tLue lis\u00e4\u00e4 \"\t\t<\/a>\n\n\t\t\t\t<\/div>\n\t\t\t\t<\/article>\n\t\t\t\t<article class=\"elementor-post elementor-grid-item post-867 post type-post status-publish format-standard has-post-thumbnail hentry category-nyheter\" role=\"listitem\">\n\t\t\t\t<a class=\"elementor-post__thumbnail__link\" href=\"https:\/\/www.thorahlgren.se\/fi\/elmia-2023\/\" tabindex=\"-1\" >\n\t\t\t<div class=\"elementor-post__thumbnail\"><img loading=\"lazy\" decoding=\"async\" width=\"768\" height=\"432\" src=\"https:\/\/www.thorahlgren.se\/wp-content\/uploads\/2023\/11\/THOR_AHLGREN_snart_elmia_2023-768x432.jpg\" class=\"attachment-medium_large size-medium_large wp-image-868\" alt=\"\" srcset=\"https:\/\/www.thorahlgren.se\/wp-content\/uploads\/2023\/11\/THOR_AHLGREN_snart_elmia_2023-768x432.jpg 768w, https:\/\/www.thorahlgren.se\/wp-content\/uploads\/2023\/11\/THOR_AHLGREN_snart_elmia_2023-300x169.jpg 300w, https:\/\/www.thorahlgren.se\/wp-content\/uploads\/2023\/11\/THOR_AHLGREN_snart_elmia_2023-1024x576.jpg 1024w, https:\/\/www.thorahlgren.se\/wp-content\/uploads\/2023\/11\/THOR_AHLGREN_snart_elmia_2023-1536x864.jpg 1536w, https:\/\/www.thorahlgren.se\/wp-content\/uploads\/2023\/11\/THOR_AHLGREN_snart_elmia_2023.jpg 1920w\" sizes=\"(max-width: 768px) 100vw, 768px\" \/><\/div>\n\t\t<\/a>\n\t\t\t\t<div class=\"elementor-post__text\">\n\t\t\t\t<h3 class=\"elementor-post__title\">\n\t\t\t<a href=\"https:\/\/www.thorahlgren.se\/fi\/elmia-2023\/\" >\n\t\t\t\tELMIA 2023:n aika\t\t\t<\/a>\n\t\t<\/h3>\n\t\t\t\t<div class=\"elementor-post__excerpt\">\n\t\t\t<p>ELMIA SUBCONTRACTORin aika alkaa olla k\u00e4sill\u00e4 14.-16. marraskuuta. Mikset tule mukaan? Pronto. B04:109<\/p>\n\t\t<\/div>\n\t\t\n\t\t<a class=\"elementor-post__read-more\" href=\"https:\/\/www.thorahlgren.se\/fi\/elmia-2023\/\" aria-label=\"Lue lis\u00e4\u00e4 aiheesta ELMIA 2023:n aika\" tabindex=\"-1\" >\n\t\t\tLue lis\u00e4\u00e4 \"\t\t<\/a>\n\n\t\t\t\t<\/div>\n\t\t\t\t<\/article>\n\t\t\t\t<\/div>\n\t\t\t\t\t<span class=\"e-load-more-spinner\">\n\t\t\t\t<i aria-hidden=\"true\" class=\"fas fa-spinner\"><\/i>\t\t\t<\/span>\n\t\t\n\t\t\t\t<div class=\"e-load-more-anchor\" data-page=\"1\" data-max-page=\"3\" data-next-page=\"https:\/\/www.thorahlgren.se\/wp-json\/wp\/v2\/pages\/242\/page\/2\/\"><\/div>\n\t\t\t\t<div class=\"elementor-button-wrapper\">\n\t\t\t<a class=\"elementor-button elementor-size-sm\" role=\"button\">\n\t\t\t\t\t\t<span class=\"elementor-button-content-wrapper\">\n\t\t\t\t\t\t\t\t\t<span class=\"elementor-button-text\">Katso lis\u00e4\u00e4 <\/span>\n\t\t\t\t\t<\/span>\n\t\t\t\t\t<\/a>\n\t\t<\/div>\n\t\t\t\t<div class=\"e-load-more-message\">Ei en\u00e4\u00e4 uutisia <\/div>\n\t\t\t\t\t\t<\/div>\n\t\t\t\t<\/div>\n\t\t\t\t\t<\/div>\n\t\t<\/div>\n\t\t\t\t\t<\/div>\n\t\t<\/section>\n\t\t\t\t<\/div>","protected":false},"excerpt":{"rendered":"","protected":false},"author":1,"featured_media":0,"parent":0,"menu_order":0,"comment_status":"closed","ping_status":"closed","template":"","meta":{"footnotes":""},"class_list":["post-242","page","type-page","status-publish","hentry"],"yoast_head":"<!-- This site is optimized with the Yoast SEO plugin v27.4 - https:\/\/yoast.com\/product\/yoast-seo-wordpress\/ -->\n<title>Nyheter - Thor Ahlgren<\/title>\n<meta name=\"robots\" content=\"index, follow, max-snippet:-1, max-image-preview:large, max-video-preview:-1\" \/>\n<link rel=\"canonical\" href=\"https:\/\/www.thorahlgren.se\/fi\/news_archive\/\" \/>\n<meta property=\"og:locale\" content=\"fi_FI\" \/>\n<meta property=\"og:type\" content=\"article\" \/>\n<meta property=\"og:title\" content=\"Nyheter - Thor Ahlgren\" \/>\n<meta property=\"og:url\" content=\"https:\/\/www.thorahlgren.se\/fi\/news_archive\/\" \/>\n<meta property=\"og:site_name\" content=\"Thor Ahlgren\" \/>\n<meta property=\"article:modified_time\" content=\"2023-02-07T12:00:43+00:00\" \/>\n<meta name=\"twitter:card\" content=\"summary_large_image\" \/>\n<meta name=\"twitter:label1\" content=\"Arvioitu lukuaika\" \/>\n\t<meta name=\"twitter:data1\" content=\"3 minuuttia\" \/>\n<script type=\"application\/ld+json\" class=\"yoast-schema-graph\">{\"@context\":\"https:\\\/\\\/schema.org\",\"@graph\":[{\"@type\":\"WebPage\",\"@id\":\"https:\\\/\\\/www.thorahlgren.se\\\/nyheter_arkiv\\\/\",\"url\":\"https:\\\/\\\/www.thorahlgren.se\\\/nyheter_arkiv\\\/\",\"name\":\"Nyheter - Thor Ahlgren\",\"isPartOf\":{\"@id\":\"https:\\\/\\\/thorahlgren.se\\\/#website\"},\"datePublished\":\"2022-04-08T11:42:27+00:00\",\"dateModified\":\"2023-02-07T12:00:43+00:00\",\"breadcrumb\":{\"@id\":\"https:\\\/\\\/www.thorahlgren.se\\\/nyheter_arkiv\\\/#breadcrumb\"},\"inLanguage\":\"fi\",\"potentialAction\":[{\"@type\":\"ReadAction\",\"target\":[\"https:\\\/\\\/www.thorahlgren.se\\\/nyheter_arkiv\\\/\"]}]},{\"@type\":\"BreadcrumbList\",\"@id\":\"https:\\\/\\\/www.thorahlgren.se\\\/nyheter_arkiv\\\/#breadcrumb\",\"itemListElement\":[{\"@type\":\"ListItem\",\"position\":1,\"name\":\"Hem\",\"item\":\"https:\\\/\\\/www.thorahlgren.se\\\/\"},{\"@type\":\"ListItem\",\"position\":2,\"name\":\"Nyheter\"}]},{\"@type\":\"WebSite\",\"@id\":\"https:\\\/\\\/thorahlgren.se\\\/#website\",\"url\":\"https:\\\/\\\/thorahlgren.se\\\/\",\"name\":\"Thor Ahlgren\",\"description\":\"Hard is soft\",\"publisher\":{\"@id\":\"https:\\\/\\\/thorahlgren.se\\\/#organization\"},\"potentialAction\":[{\"@type\":\"SearchAction\",\"target\":{\"@type\":\"EntryPoint\",\"urlTemplate\":\"https:\\\/\\\/thorahlgren.se\\\/?s={search_term_string}\"},\"query-input\":{\"@type\":\"PropertyValueSpecification\",\"valueRequired\":true,\"valueName\":\"search_term_string\"}}],\"inLanguage\":\"fi\"},{\"@type\":\"Organization\",\"@id\":\"https:\\\/\\\/thorahlgren.se\\\/#organization\",\"name\":\"Thor Ahlgren\",\"url\":\"https:\\\/\\\/thorahlgren.se\\\/\",\"logo\":{\"@type\":\"ImageObject\",\"inLanguage\":\"fi\",\"@id\":\"https:\\\/\\\/thorahlgren.se\\\/#\\\/schema\\\/logo\\\/image\\\/\",\"url\":\"https:\\\/\\\/www.thorahlgren.se\\\/wp-content\\\/uploads\\\/2022\\\/04\\\/Resurs-24.png\",\"contentUrl\":\"https:\\\/\\\/www.thorahlgren.se\\\/wp-content\\\/uploads\\\/2022\\\/04\\\/Resurs-24.png\",\"width\":1000,\"height\":140,\"caption\":\"Thor Ahlgren\"},\"image\":{\"@id\":\"https:\\\/\\\/thorahlgren.se\\\/#\\\/schema\\\/logo\\\/image\\\/\"}}]}<\/script>\n<!-- \/ Yoast SEO plugin. -->","yoast_head_json":{"title":"Uutiset - Thor Ahlgren","robots":{"index":"index","follow":"follow","max-snippet":"max-snippet:-1","max-image-preview":"max-image-preview:large","max-video-preview":"max-video-preview:-1"},"canonical":"https:\/\/www.thorahlgren.se\/fi\/news_archive\/","og_locale":"fi_FI","og_type":"article","og_title":"Nyheter - Thor Ahlgren","og_url":"https:\/\/www.thorahlgren.se\/fi\/news_archive\/","og_site_name":"Thor Ahlgren","article_modified_time":"2023-02-07T12:00:43+00:00","twitter_card":"summary_large_image","twitter_misc":{"Arvioitu lukuaika":"3 minuuttia"},"schema":{"@context":"https:\/\/schema.org","@graph":[{"@type":"WebPage","@id":"https:\/\/www.thorahlgren.se\/nyheter_arkiv\/","url":"https:\/\/www.thorahlgren.se\/nyheter_arkiv\/","name":"Uutiset - Thor Ahlgren","isPartOf":{"@id":"https:\/\/thorahlgren.se\/#website"},"datePublished":"2022-04-08T11:42:27+00:00","dateModified":"2023-02-07T12:00:43+00:00","breadcrumb":{"@id":"https:\/\/www.thorahlgren.se\/nyheter_arkiv\/#breadcrumb"},"inLanguage":"fi","potentialAction":[{"@type":"ReadAction","target":["https:\/\/www.thorahlgren.se\/nyheter_arkiv\/"]}]},{"@type":"BreadcrumbList","@id":"https:\/\/www.thorahlgren.se\/nyheter_arkiv\/#breadcrumb","itemListElement":[{"@type":"ListItem","position":1,"name":"Hem","item":"https:\/\/www.thorahlgren.se\/"},{"@type":"ListItem","position":2,"name":"Nyheter"}]},{"@type":"WebSite","@id":"https:\/\/thorahlgren.se\/#website","url":"https:\/\/thorahlgren.se\/","name":"Thor Ahlgren","description":"Kova on pehme\u00e4","publisher":{"@id":"https:\/\/thorahlgren.se\/#organization"},"potentialAction":[{"@type":"SearchAction","target":{"@type":"EntryPoint","urlTemplate":"https:\/\/thorahlgren.se\/?s={search_term_string}"},"query-input":{"@type":"PropertyValueSpecification","valueRequired":true,"valueName":"search_term_string"}}],"inLanguage":"fi"},{"@type":"Organization","@id":"https:\/\/thorahlgren.se\/#organization","name":"Thor Ahlgren","url":"https:\/\/thorahlgren.se\/","logo":{"@type":"ImageObject","inLanguage":"fi","@id":"https:\/\/thorahlgren.se\/#\/schema\/logo\/image\/","url":"https:\/\/www.thorahlgren.se\/wp-content\/uploads\/2022\/04\/Resurs-24.png","contentUrl":"https:\/\/www.thorahlgren.se\/wp-content\/uploads\/2022\/04\/Resurs-24.png","width":1000,"height":140,"caption":"Thor Ahlgren"},"image":{"@id":"https:\/\/thorahlgren.se\/#\/schema\/logo\/image\/"}}]}},"_links":{"self":[{"href":"https:\/\/www.thorahlgren.se\/fi\/wp-json\/wp\/v2\/pages\/242","targetHints":{"allow":["GET"]}}],"collection":[{"href":"https:\/\/www.thorahlgren.se\/fi\/wp-json\/wp\/v2\/pages"}],"about":[{"href":"https:\/\/www.thorahlgren.se\/fi\/wp-json\/wp\/v2\/types\/page"}],"author":[{"embeddable":true,"href":"https:\/\/www.thorahlgren.se\/fi\/wp-json\/wp\/v2\/users\/1"}],"replies":[{"embeddable":true,"href":"https:\/\/www.thorahlgren.se\/fi\/wp-json\/wp\/v2\/comments?post=242"}],"version-history":[{"count":19,"href":"https:\/\/www.thorahlgren.se\/fi\/wp-json\/wp\/v2\/pages\/242\/revisions"}],"predecessor-version":[{"id":744,"href":"https:\/\/www.thorahlgren.se\/fi\/wp-json\/wp\/v2\/pages\/242\/revisions\/744"}],"wp:attachment":[{"href":"https:\/\/www.thorahlgren.se\/fi\/wp-json\/wp\/v2\/media?parent=242"}],"curies":[{"name":"wp","href":"https:\/\/api.w.org\/{rel}","templated":true}]}}