{"id":150,"date":"2022-04-08T11:15:27","date_gmt":"2022-04-08T11:15:27","guid":{"rendered":"https:\/\/thorahlgren.se\/processer\/"},"modified":"2025-07-16T13:53:24","modified_gmt":"2025-07-16T13:53:24","slug":"prosesser","status":"publish","type":"page","link":"https:\/\/www.thorahlgren.se\/no\/prosesser\/","title":{"rendered":"Prosesser"},"content":{"rendered":"<div data-elementor-type=\"wp-page\" data-elementor-id=\"150\" class=\"elementor elementor-150\" data-elementor-post-type=\"page\">\n\t\t\t\t\t\t<section class=\"elementor-section elementor-top-section elementor-element elementor-element-2e39e2e0 elementor-section-full_width elementor-section-height-default elementor-section-height-default\" data-id=\"2e39e2e0\" data-element_type=\"section\" data-e-type=\"section\">\n\t\t\t\t\t\t<div class=\"elementor-container elementor-column-gap-default\">\n\t\t\t\t\t<div class=\"elementor-column elementor-col-50 elementor-top-column elementor-element elementor-element-63feefd7\" data-id=\"63feefd7\" data-element_type=\"column\" data-e-type=\"column\">\n\t\t\t<div class=\"elementor-widget-wrap elementor-element-populated\">\n\t\t\t\t\t\t<div class=\"elementor-element elementor-element-980f4a4 elementor-widget elementor-widget-image\" data-id=\"980f4a4\" data-element_type=\"widget\" data-e-type=\"widget\" data-widget_type=\"image.default\">\n\t\t\t\t<div class=\"elementor-widget-container\">\n\t\t\t\t\t\t\t\t\t\t\t\t\t\t\t\t<a href=\"https:\/\/www.thorahlgren.se\/no\/finblanking\/\">\n\t\t\t\t\t\t\t<img fetchpriority=\"high\" decoding=\"async\" width=\"1920\" height=\"1080\" src=\"https:\/\/www.thorahlgren.se\/wp-content\/uploads\/2022\/04\/finstansning_start2.jpg\" class=\"attachment-full size-full wp-image-293\" alt=\"\" srcset=\"https:\/\/www.thorahlgren.se\/wp-content\/uploads\/2022\/04\/finstansning_start2.jpg 1920w, https:\/\/www.thorahlgren.se\/wp-content\/uploads\/2022\/04\/finstansning_start2-300x169.jpg 300w, https:\/\/www.thorahlgren.se\/wp-content\/uploads\/2022\/04\/finstansning_start2-1024x576.jpg 1024w, https:\/\/www.thorahlgren.se\/wp-content\/uploads\/2022\/04\/finstansning_start2-768x432.jpg 768w, https:\/\/www.thorahlgren.se\/wp-content\/uploads\/2022\/04\/finstansning_start2-1536x864.jpg 1536w\" sizes=\"(max-width: 1920px) 100vw, 1920px\" \/>\t\t\t\t\t\t\t\t<\/a>\n\t\t\t\t\t\t\t\t\t\t\t\t\t\t\t<\/div>\n\t\t\t\t<\/div>\n\t\t\t\t<div class=\"elementor-element elementor-element-65bdc34e elementor-widget elementor-widget-heading\" data-id=\"65bdc34e\" data-element_type=\"widget\" data-e-type=\"widget\" data-widget_type=\"heading.default\">\n\t\t\t\t<div class=\"elementor-widget-container\">\n\t\t\t\t\t<h2 class=\"elementor-heading-title elementor-size-default\">Fin blanking<\/h2>\t\t\t\t<\/div>\n\t\t\t\t<\/div>\n\t\t\t\t<div class=\"elementor-element elementor-element-1ceb2eb8 elementor-widget elementor-widget-text-editor\" data-id=\"1ceb2eb8\" data-element_type=\"widget\" data-e-type=\"widget\" data-widget_type=\"text-editor.default\">\n\t\t\t\t<div class=\"elementor-widget-container\">\n\t\t\t\t\t\t\t\t\t<p>Finstansing av produkter med krav til funksjonsomr\u00e5de og sm\u00e5 toleranser.<\/p>\t\t\t\t\t\t\t\t<\/div>\n\t\t\t\t<\/div>\n\t\t\t\t<div class=\"elementor-element elementor-element-565a82dc elementor-widget elementor-widget-text-editor\" data-id=\"565a82dc\" data-element_type=\"widget\" data-e-type=\"widget\" data-widget_type=\"text-editor.default\">\n\t\t\t\t<div class=\"elementor-widget-container\">\n\t\t\t\t\t\t\t\t\t<p><a href=\"https:\/\/www.thorahlgren.se\/no\/finblanking\/\"><strong>Les mer &gt; Les mer &gt;<\/strong><\/a><\/p>\t\t\t\t\t\t\t\t<\/div>\n\t\t\t\t<\/div>\n\t\t\t\t\t<\/div>\n\t\t<\/div>\n\t\t\t\t<div class=\"elementor-column elementor-col-50 elementor-top-column elementor-element elementor-element-623b6844\" data-id=\"623b6844\" data-element_type=\"column\" data-e-type=\"column\">\n\t\t\t<div class=\"elementor-widget-wrap elementor-element-populated\">\n\t\t\t\t\t\t<div class=\"elementor-element elementor-element-6e2ed353 elementor-widget elementor-widget-image\" data-id=\"6e2ed353\" data-element_type=\"widget\" data-e-type=\"widget\" data-widget_type=\"image.default\">\n\t\t\t\t<div class=\"elementor-widget-container\">\n\t\t\t\t\t\t\t\t\t\t\t\t\t\t\t\t<a href=\"https:\/\/www.thorahlgren.se\/no\/stansing\/\">\n\t\t\t\t\t\t\t<img decoding=\"async\" width=\"1920\" height=\"1080\" src=\"https:\/\/www.thorahlgren.se\/wp-content\/uploads\/2022\/04\/stansning_start.jpg\" class=\"attachment-full size-full wp-image-104\" alt=\"\" srcset=\"https:\/\/www.thorahlgren.se\/wp-content\/uploads\/2022\/04\/stansning_start.jpg 1920w, https:\/\/www.thorahlgren.se\/wp-content\/uploads\/2022\/04\/stansning_start-300x169.jpg 300w, https:\/\/www.thorahlgren.se\/wp-content\/uploads\/2022\/04\/stansning_start-1024x576.jpg 1024w, https:\/\/www.thorahlgren.se\/wp-content\/uploads\/2022\/04\/stansning_start-768x432.jpg 768w, https:\/\/www.thorahlgren.se\/wp-content\/uploads\/2022\/04\/stansning_start-1536x864.jpg 1536w\" sizes=\"(max-width: 1920px) 100vw, 1920px\" \/>\t\t\t\t\t\t\t\t<\/a>\n\t\t\t\t\t\t\t\t\t\t\t\t\t\t\t<\/div>\n\t\t\t\t<\/div>\n\t\t\t\t<div class=\"elementor-element elementor-element-4633bd4d elementor-widget elementor-widget-heading\" data-id=\"4633bd4d\" data-element_type=\"widget\" data-e-type=\"widget\" data-widget_type=\"heading.default\">\n\t\t\t\t<div class=\"elementor-widget-container\">\n\t\t\t\t\t<h2 class=\"elementor-heading-title elementor-size-default\">Stansing<\/h2>\t\t\t\t<\/div>\n\t\t\t\t<\/div>\n\t\t\t\t<div class=\"elementor-element elementor-element-117060b2 elementor-widget elementor-widget-text-editor\" data-id=\"117060b2\" data-element_type=\"widget\" data-e-type=\"widget\" data-widget_type=\"text-editor.default\">\n\t\t\t\t<div class=\"elementor-widget-container\">\n\t\t\t\t\t\t\t\t\t<p>Stansing av komplekse eller enkle produkter i de fleste metaller.<\/p>\t\t\t\t\t\t\t\t<\/div>\n\t\t\t\t<\/div>\n\t\t\t\t<div class=\"elementor-element elementor-element-6da8f708 elementor-widget elementor-widget-text-editor\" data-id=\"6da8f708\" data-element_type=\"widget\" data-e-type=\"widget\" data-widget_type=\"text-editor.default\">\n\t\t\t\t<div class=\"elementor-widget-container\">\n\t\t\t\t\t\t\t\t\t<p><a href=\"https:\/\/www.thorahlgren.se\/no\/stansing\/\" data-wplink-edit=\"true\"><strong>Les mer &gt; Les mer &gt;<\/strong><\/a><\/p>\t\t\t\t\t\t\t\t<\/div>\n\t\t\t\t<\/div>\n\t\t\t\t\t<\/div>\n\t\t<\/div>\n\t\t\t\t\t<\/div>\n\t\t<\/section>\n\t\t\t\t<section class=\"elementor-section elementor-top-section elementor-element elementor-element-4a2cbdc5 elementor-section-full_width elementor-section-height-default elementor-section-height-default\" data-id=\"4a2cbdc5\" data-element_type=\"section\" data-e-type=\"section\">\n\t\t\t\t\t\t<div class=\"elementor-container elementor-column-gap-default\">\n\t\t\t\t\t<div class=\"elementor-column elementor-col-50 elementor-top-column elementor-element elementor-element-2fd7bac3\" data-id=\"2fd7bac3\" data-element_type=\"column\" data-e-type=\"column\">\n\t\t\t<div class=\"elementor-widget-wrap elementor-element-populated\">\n\t\t\t\t\t\t<div class=\"elementor-element elementor-element-2a562046 elementor-widget elementor-widget-image\" data-id=\"2a562046\" data-element_type=\"widget\" data-e-type=\"widget\" data-widget_type=\"image.default\">\n\t\t\t\t<div class=\"elementor-widget-container\">\n\t\t\t\t\t\t\t\t\t\t\t\t\t\t\t\t<a href=\"https:\/\/www.thorahlgren.se\/no\/pressing\/\">\n\t\t\t\t\t\t\t<img decoding=\"async\" width=\"1920\" height=\"1080\" src=\"https:\/\/www.thorahlgren.se\/wp-content\/uploads\/2022\/04\/pressning.jpg\" class=\"attachment-full size-full wp-image-18\" alt=\"\" srcset=\"https:\/\/www.thorahlgren.se\/wp-content\/uploads\/2022\/04\/pressning.jpg 1920w, https:\/\/www.thorahlgren.se\/wp-content\/uploads\/2022\/04\/pressning-300x169.jpg 300w, https:\/\/www.thorahlgren.se\/wp-content\/uploads\/2022\/04\/pressning-1024x576.jpg 1024w, https:\/\/www.thorahlgren.se\/wp-content\/uploads\/2022\/04\/pressning-768x432.jpg 768w, https:\/\/www.thorahlgren.se\/wp-content\/uploads\/2022\/04\/pressning-1536x864.jpg 1536w\" sizes=\"(max-width: 1920px) 100vw, 1920px\" \/>\t\t\t\t\t\t\t\t<\/a>\n\t\t\t\t\t\t\t\t\t\t\t\t\t\t\t<\/div>\n\t\t\t\t<\/div>\n\t\t\t\t<div class=\"elementor-element elementor-element-2043436e elementor-widget elementor-widget-heading\" data-id=\"2043436e\" data-element_type=\"widget\" data-e-type=\"widget\" data-widget_type=\"heading.default\">\n\t\t\t\t<div class=\"elementor-widget-container\">\n\t\t\t\t\t<h2 class=\"elementor-heading-title elementor-size-default\">Komprimering<\/h2>\t\t\t\t<\/div>\n\t\t\t\t<\/div>\n\t\t\t\t<div class=\"elementor-element elementor-element-5b828a8d elementor-widget elementor-widget-text-editor\" data-id=\"5b828a8d\" data-element_type=\"widget\" data-e-type=\"widget\" data-widget_type=\"text-editor.default\">\n\t\t\t\t<div class=\"elementor-widget-container\">\n\t\t\t\t\t\t\t\t\t<p>Pressing og stempling av avanserte produkter med presisjon i form, dybde og overflate.<\/p>\t\t\t\t\t\t\t\t<\/div>\n\t\t\t\t<\/div>\n\t\t\t\t<div class=\"elementor-element elementor-element-22746c9c elementor-widget elementor-widget-text-editor\" data-id=\"22746c9c\" data-element_type=\"widget\" data-e-type=\"widget\" data-widget_type=\"text-editor.default\">\n\t\t\t\t<div class=\"elementor-widget-container\">\n\t\t\t\t\t\t\t\t\t<p><a href=\"https:\/\/www.thorahlgren.se\/no\/pressing\/\"><strong>Les mer &gt; Les mer &gt;<\/strong><\/a><\/p>\t\t\t\t\t\t\t\t<\/div>\n\t\t\t\t<\/div>\n\t\t\t\t\t<\/div>\n\t\t<\/div>\n\t\t\t\t<div class=\"elementor-column elementor-col-50 elementor-top-column elementor-element elementor-element-2e1bb28\" data-id=\"2e1bb28\" data-element_type=\"column\" data-e-type=\"column\">\n\t\t\t<div class=\"elementor-widget-wrap elementor-element-populated\">\n\t\t\t\t\t\t<div class=\"elementor-element elementor-element-3959a83d elementor-widget elementor-widget-image\" data-id=\"3959a83d\" data-element_type=\"widget\" data-e-type=\"widget\" data-widget_type=\"image.default\">\n\t\t\t\t<div class=\"elementor-widget-container\">\n\t\t\t\t\t\t\t\t\t\t\t\t\t\t\t\t<a href=\"https:\/\/www.thorahlgren.se\/no\/laserspleising\/\">\n\t\t\t\t\t\t\t<img loading=\"lazy\" decoding=\"async\" width=\"1920\" height=\"1080\" src=\"https:\/\/www.thorahlgren.se\/wp-content\/uploads\/2022\/04\/laserskarnng.jpg\" class=\"attachment-full size-full wp-image-70\" alt=\"\" srcset=\"https:\/\/www.thorahlgren.se\/wp-content\/uploads\/2022\/04\/laserskarnng.jpg 1920w, https:\/\/www.thorahlgren.se\/wp-content\/uploads\/2022\/04\/laserskarnng-300x169.jpg 300w, https:\/\/www.thorahlgren.se\/wp-content\/uploads\/2022\/04\/laserskarnng-1024x576.jpg 1024w, https:\/\/www.thorahlgren.se\/wp-content\/uploads\/2022\/04\/laserskarnng-768x432.jpg 768w, https:\/\/www.thorahlgren.se\/wp-content\/uploads\/2022\/04\/laserskarnng-1536x864.jpg 1536w\" sizes=\"(max-width: 1920px) 100vw, 1920px\" \/>\t\t\t\t\t\t\t\t<\/a>\n\t\t\t\t\t\t\t\t\t\t\t\t\t\t\t<\/div>\n\t\t\t\t<\/div>\n\t\t\t\t<div class=\"elementor-element elementor-element-ddb1894 elementor-widget elementor-widget-heading\" data-id=\"ddb1894\" data-element_type=\"widget\" data-e-type=\"widget\" data-widget_type=\"heading.default\">\n\t\t\t\t<div class=\"elementor-widget-container\">\n\t\t\t\t\t<h2 class=\"elementor-heading-title elementor-size-default\">Laserskj\u00e6ring<\/h2>\t\t\t\t<\/div>\n\t\t\t\t<\/div>\n\t\t\t\t<div class=\"elementor-element elementor-element-71991b98 elementor-widget elementor-widget-text-editor\" data-id=\"71991b98\" data-element_type=\"widget\" data-e-type=\"widget\" data-widget_type=\"text-editor.default\">\n\t\t\t\t<div class=\"elementor-widget-container\">\n\t\t\t\t\t\t\t\t\t<p>Figurskj\u00e6ring i metallplater med mulighet for etterbearbeiding i en fresemaskin.<\/p>\t\t\t\t\t\t\t\t<\/div>\n\t\t\t\t<\/div>\n\t\t\t\t<div class=\"elementor-element elementor-element-5e8ad43b elementor-widget elementor-widget-text-editor\" data-id=\"5e8ad43b\" data-element_type=\"widget\" data-e-type=\"widget\" data-widget_type=\"text-editor.default\">\n\t\t\t\t<div class=\"elementor-widget-container\">\n\t\t\t\t\t\t\t\t\t<p><a href=\"https:\/\/www.thorahlgren.se\/no\/laserspleising\/\"><strong>Les mer &gt; Les mer &gt;<\/strong><\/a><\/p>\t\t\t\t\t\t\t\t<\/div>\n\t\t\t\t<\/div>\n\t\t\t\t\t<\/div>\n\t\t<\/div>\n\t\t\t\t\t<\/div>\n\t\t<\/section>\n\t\t\t\t<section class=\"elementor-section elementor-top-section elementor-element elementor-element-4e607c7 elementor-section-full_width elementor-section-height-default elementor-section-height-default\" data-id=\"4e607c7\" data-element_type=\"section\" data-e-type=\"section\">\n\t\t\t\t\t\t<div class=\"elementor-container elementor-column-gap-default\">\n\t\t\t\t\t<div class=\"elementor-column elementor-col-50 elementor-top-column elementor-element elementor-element-43b8a13\" data-id=\"43b8a13\" data-element_type=\"column\" data-e-type=\"column\">\n\t\t\t<div class=\"elementor-widget-wrap elementor-element-populated\">\n\t\t\t\t\t\t<div class=\"elementor-element elementor-element-6b9d8cc elementor-widget elementor-widget-image\" data-id=\"6b9d8cc\" data-element_type=\"widget\" data-e-type=\"widget\" data-widget_type=\"image.default\">\n\t\t\t\t<div class=\"elementor-widget-container\">\n\t\t\t\t\t\t\t\t\t\t\t\t\t\t\t\t<a href=\"https:\/\/www.thorahlgren.se\/no\/cnc-fresing\/\">\n\t\t\t\t\t\t\t<img loading=\"lazy\" decoding=\"async\" width=\"1920\" height=\"1080\" src=\"https:\/\/www.thorahlgren.se\/wp-content\/uploads\/2022\/04\/laser10.jpg\" class=\"attachment-full size-full wp-image-73\" alt=\"\" srcset=\"https:\/\/www.thorahlgren.se\/wp-content\/uploads\/2022\/04\/laser10.jpg 1920w, https:\/\/www.thorahlgren.se\/wp-content\/uploads\/2022\/04\/laser10-300x169.jpg 300w, https:\/\/www.thorahlgren.se\/wp-content\/uploads\/2022\/04\/laser10-1024x576.jpg 1024w, https:\/\/www.thorahlgren.se\/wp-content\/uploads\/2022\/04\/laser10-768x432.jpg 768w, https:\/\/www.thorahlgren.se\/wp-content\/uploads\/2022\/04\/laser10-1536x864.jpg 1536w\" sizes=\"(max-width: 1920px) 100vw, 1920px\" \/>\t\t\t\t\t\t\t\t<\/a>\n\t\t\t\t\t\t\t\t\t\t\t\t\t\t\t<\/div>\n\t\t\t\t<\/div>\n\t\t\t\t<div class=\"elementor-element elementor-element-7a0136a elementor-widget elementor-widget-heading\" data-id=\"7a0136a\" data-element_type=\"widget\" data-e-type=\"widget\" data-widget_type=\"heading.default\">\n\t\t\t\t<div class=\"elementor-widget-container\">\n\t\t\t\t\t<h2 class=\"elementor-heading-title elementor-size-default\">CNC-fresing<\/h2>\t\t\t\t<\/div>\n\t\t\t\t<\/div>\n\t\t\t\t<div class=\"elementor-element elementor-element-3078a24 elementor-widget elementor-widget-text-editor\" data-id=\"3078a24\" data-element_type=\"widget\" data-e-type=\"widget\" data-widget_type=\"text-editor.default\">\n\t\t\t\t<div class=\"elementor-widget-container\">\n\t\t\t\t\t\t\t\t\t<p>CNC-fresing gj\u00f8r det mulig \u00e5 produsere komplekse former i materialer med h\u00f8y presisjon, med muligheter for etterbearbeiding for optimal finish.<\/p>\t\t\t\t\t\t\t\t<\/div>\n\t\t\t\t<\/div>\n\t\t\t\t<div class=\"elementor-element elementor-element-bf670fe elementor-widget elementor-widget-text-editor\" data-id=\"bf670fe\" data-element_type=\"widget\" data-e-type=\"widget\" data-widget_type=\"text-editor.default\">\n\t\t\t\t<div class=\"elementor-widget-container\">\n\t\t\t\t\t\t\t\t\t<p><a href=\"https:\/\/www.thorahlgren.se\/no\/cnc-fresing\/\"><strong>Les mer &gt; Les mer &gt;<\/strong><\/a><\/p>\t\t\t\t\t\t\t\t<\/div>\n\t\t\t\t<\/div>\n\t\t\t\t\t<\/div>\n\t\t<\/div>\n\t\t\t\t<div class=\"elementor-column elementor-col-50 elementor-top-column elementor-element elementor-element-2d37a74\" data-id=\"2d37a74\" data-element_type=\"column\" data-e-type=\"column\">\n\t\t\t<div class=\"elementor-widget-wrap\">\n\t\t\t\t\t\t\t<\/div>\n\t\t<\/div>\n\t\t\t\t\t<\/div>\n\t\t<\/section>\n\t\t\t\t<\/div>","protected":false},"excerpt":{"rendered":"<p>Finstansning Finstansning av produkter med krav p\u00e5 funktionsyta och sn\u00e4va toleranser. L\u00e4s mer &gt; Stansning\u200b Stansning av komplexa eller enkla produkter i de flesta av metaller. L\u00e4s mer &gt; Pressning\u200b Pressning och stansning av avancerade produkter med precision i form, djup och yta. L\u00e4s mer &gt; Lasersk\u00e4rning Figursk\u00e4rning i pl\u00e5t med m\u00f6jlighet till efterbearbetning i [&hellip;]<\/p>\n","protected":false},"author":1,"featured_media":0,"parent":0,"menu_order":0,"comment_status":"closed","ping_status":"closed","template":"","meta":{"footnotes":""},"class_list":["post-150","page","type-page","status-publish","hentry"],"yoast_head":"<!-- This site is optimized with the Yoast SEO plugin v27.4 - https:\/\/yoast.com\/product\/yoast-seo-wordpress\/ -->\n<title>Processer - Thor Ahlgren<\/title>\n<meta name=\"description\" content=\"Finstansning | Stansning | Pressning | Lasersk\u00e4rning &amp; Fr\u00e4sning\" \/>\n<meta name=\"robots\" content=\"index, follow, max-snippet:-1, max-image-preview:large, max-video-preview:-1\" \/>\n<link rel=\"canonical\" href=\"https:\/\/www.thorahlgren.se\/no\/prosesser\/\" \/>\n<meta property=\"og:locale\" content=\"nb_NO\" \/>\n<meta property=\"og:type\" content=\"article\" \/>\n<meta property=\"og:title\" content=\"Processer - Thor Ahlgren\" \/>\n<meta property=\"og:description\" content=\"Finstansning | Stansning | Pressning | Lasersk\u00e4rning &amp; Fr\u00e4sning\" \/>\n<meta property=\"og:url\" content=\"https:\/\/www.thorahlgren.se\/no\/prosesser\/\" \/>\n<meta property=\"og:site_name\" content=\"Thor Ahlgren\" \/>\n<meta property=\"article:modified_time\" content=\"2025-07-16T13:53:24+00:00\" \/>\n<meta property=\"og:image\" content=\"https:\/\/www.thorahlgren.se\/wp-content\/uploads\/2022\/04\/finstansning_start2.jpg\" \/>\n\t<meta property=\"og:image:width\" content=\"1920\" \/>\n\t<meta property=\"og:image:height\" content=\"1080\" \/>\n\t<meta property=\"og:image:type\" content=\"image\/jpeg\" \/>\n<meta name=\"twitter:card\" content=\"summary_large_image\" \/>\n<meta name=\"twitter:label1\" content=\"Ansl. lesetid\" \/>\n\t<meta name=\"twitter:data1\" content=\"2 minutter\" \/>\n<script type=\"application\/ld+json\" class=\"yoast-schema-graph\">{\"@context\":\"https:\\\/\\\/schema.org\",\"@graph\":[{\"@type\":\"WebPage\",\"@id\":\"https:\\\/\\\/www.thorahlgren.se\\\/processer\\\/\",\"url\":\"https:\\\/\\\/www.thorahlgren.se\\\/processer\\\/\",\"name\":\"Processer - Thor Ahlgren\",\"isPartOf\":{\"@id\":\"https:\\\/\\\/thorahlgren.se\\\/#website\"},\"primaryImageOfPage\":{\"@id\":\"https:\\\/\\\/www.thorahlgren.se\\\/processer\\\/#primaryimage\"},\"image\":{\"@id\":\"https:\\\/\\\/www.thorahlgren.se\\\/processer\\\/#primaryimage\"},\"thumbnailUrl\":\"https:\\\/\\\/www.thorahlgren.se\\\/wp-content\\\/uploads\\\/2022\\\/04\\\/finstansning_start2.jpg\",\"datePublished\":\"2022-04-08T11:15:27+00:00\",\"dateModified\":\"2025-07-16T13:53:24+00:00\",\"description\":\"Finstansning | Stansning | Pressning | Lasersk\u00e4rning & Fr\u00e4sning\",\"breadcrumb\":{\"@id\":\"https:\\\/\\\/www.thorahlgren.se\\\/processer\\\/#breadcrumb\"},\"inLanguage\":\"nb-NO\",\"potentialAction\":[{\"@type\":\"ReadAction\",\"target\":[\"https:\\\/\\\/www.thorahlgren.se\\\/processer\\\/\"]}]},{\"@type\":\"ImageObject\",\"inLanguage\":\"nb-NO\",\"@id\":\"https:\\\/\\\/www.thorahlgren.se\\\/processer\\\/#primaryimage\",\"url\":\"https:\\\/\\\/www.thorahlgren.se\\\/wp-content\\\/uploads\\\/2022\\\/04\\\/finstansning_start2.jpg\",\"contentUrl\":\"https:\\\/\\\/www.thorahlgren.se\\\/wp-content\\\/uploads\\\/2022\\\/04\\\/finstansning_start2.jpg\"},{\"@type\":\"BreadcrumbList\",\"@id\":\"https:\\\/\\\/www.thorahlgren.se\\\/processer\\\/#breadcrumb\",\"itemListElement\":[{\"@type\":\"ListItem\",\"position\":1,\"name\":\"Hem\",\"item\":\"https:\\\/\\\/www.thorahlgren.se\\\/\"},{\"@type\":\"ListItem\",\"position\":2,\"name\":\"Processer\"}]},{\"@type\":\"WebSite\",\"@id\":\"https:\\\/\\\/thorahlgren.se\\\/#website\",\"url\":\"https:\\\/\\\/thorahlgren.se\\\/\",\"name\":\"Thor Ahlgren\",\"description\":\"Hard is soft\",\"publisher\":{\"@id\":\"https:\\\/\\\/thorahlgren.se\\\/#organization\"},\"potentialAction\":[{\"@type\":\"SearchAction\",\"target\":{\"@type\":\"EntryPoint\",\"urlTemplate\":\"https:\\\/\\\/thorahlgren.se\\\/?s={search_term_string}\"},\"query-input\":{\"@type\":\"PropertyValueSpecification\",\"valueRequired\":true,\"valueName\":\"search_term_string\"}}],\"inLanguage\":\"nb-NO\"},{\"@type\":\"Organization\",\"@id\":\"https:\\\/\\\/thorahlgren.se\\\/#organization\",\"name\":\"Thor Ahlgren\",\"url\":\"https:\\\/\\\/thorahlgren.se\\\/\",\"logo\":{\"@type\":\"ImageObject\",\"inLanguage\":\"nb-NO\",\"@id\":\"https:\\\/\\\/thorahlgren.se\\\/#\\\/schema\\\/logo\\\/image\\\/\",\"url\":\"https:\\\/\\\/www.thorahlgren.se\\\/wp-content\\\/uploads\\\/2022\\\/04\\\/Resurs-24.png\",\"contentUrl\":\"https:\\\/\\\/www.thorahlgren.se\\\/wp-content\\\/uploads\\\/2022\\\/04\\\/Resurs-24.png\",\"width\":1000,\"height\":140,\"caption\":\"Thor Ahlgren\"},\"image\":{\"@id\":\"https:\\\/\\\/thorahlgren.se\\\/#\\\/schema\\\/logo\\\/image\\\/\"}}]}<\/script>\n<!-- \/ Yoast SEO plugin. -->","yoast_head_json":{"title":"Prosesser - Thor Ahlgren","description":"Finstansing | Stansing | Pressing | Laserskj\u00e6ring og fresing","robots":{"index":"index","follow":"follow","max-snippet":"max-snippet:-1","max-image-preview":"max-image-preview:large","max-video-preview":"max-video-preview:-1"},"canonical":"https:\/\/www.thorahlgren.se\/no\/prosesser\/","og_locale":"nb_NO","og_type":"article","og_title":"Processer - Thor Ahlgren","og_description":"Finstansning | Stansning | Pressning | Lasersk\u00e4rning & Fr\u00e4sning","og_url":"https:\/\/www.thorahlgren.se\/no\/prosesser\/","og_site_name":"Thor Ahlgren","article_modified_time":"2025-07-16T13:53:24+00:00","og_image":[{"width":1920,"height":1080,"url":"https:\/\/www.thorahlgren.se\/wp-content\/uploads\/2022\/04\/finstansning_start2.jpg","type":"image\/jpeg"}],"twitter_card":"summary_large_image","twitter_misc":{"Ansl. lesetid":"2 minutter"},"schema":{"@context":"https:\/\/schema.org","@graph":[{"@type":"WebPage","@id":"https:\/\/www.thorahlgren.se\/processer\/","url":"https:\/\/www.thorahlgren.se\/processer\/","name":"Prosesser - Thor Ahlgren","isPartOf":{"@id":"https:\/\/thorahlgren.se\/#website"},"primaryImageOfPage":{"@id":"https:\/\/www.thorahlgren.se\/processer\/#primaryimage"},"image":{"@id":"https:\/\/www.thorahlgren.se\/processer\/#primaryimage"},"thumbnailUrl":"https:\/\/www.thorahlgren.se\/wp-content\/uploads\/2022\/04\/finstansning_start2.jpg","datePublished":"2022-04-08T11:15:27+00:00","dateModified":"2025-07-16T13:53:24+00:00","description":"Finstansing | Stansing | Pressing | Laserskj\u00e6ring og fresing","breadcrumb":{"@id":"https:\/\/www.thorahlgren.se\/processer\/#breadcrumb"},"inLanguage":"nb-NO","potentialAction":[{"@type":"ReadAction","target":["https:\/\/www.thorahlgren.se\/processer\/"]}]},{"@type":"ImageObject","inLanguage":"nb-NO","@id":"https:\/\/www.thorahlgren.se\/processer\/#primaryimage","url":"https:\/\/www.thorahlgren.se\/wp-content\/uploads\/2022\/04\/finstansning_start2.jpg","contentUrl":"https:\/\/www.thorahlgren.se\/wp-content\/uploads\/2022\/04\/finstansning_start2.jpg"},{"@type":"BreadcrumbList","@id":"https:\/\/www.thorahlgren.se\/processer\/#breadcrumb","itemListElement":[{"@type":"ListItem","position":1,"name":"Hem","item":"https:\/\/www.thorahlgren.se\/"},{"@type":"ListItem","position":2,"name":"Processer"}]},{"@type":"WebSite","@id":"https:\/\/thorahlgren.se\/#website","url":"https:\/\/thorahlgren.se\/","name":"Thor Ahlgren","description":"Hardt er mykt","publisher":{"@id":"https:\/\/thorahlgren.se\/#organization"},"potentialAction":[{"@type":"SearchAction","target":{"@type":"EntryPoint","urlTemplate":"https:\/\/thorahlgren.se\/?s={search_term_string}"},"query-input":{"@type":"PropertyValueSpecification","valueRequired":true,"valueName":"search_term_string"}}],"inLanguage":"nb-NO"},{"@type":"Organization","@id":"https:\/\/thorahlgren.se\/#organization","name":"Thor Ahlgren","url":"https:\/\/thorahlgren.se\/","logo":{"@type":"ImageObject","inLanguage":"nb-NO","@id":"https:\/\/thorahlgren.se\/#\/schema\/logo\/image\/","url":"https:\/\/www.thorahlgren.se\/wp-content\/uploads\/2022\/04\/Resurs-24.png","contentUrl":"https:\/\/www.thorahlgren.se\/wp-content\/uploads\/2022\/04\/Resurs-24.png","width":1000,"height":140,"caption":"Thor Ahlgren"},"image":{"@id":"https:\/\/thorahlgren.se\/#\/schema\/logo\/image\/"}}]}},"_links":{"self":[{"href":"https:\/\/www.thorahlgren.se\/no\/wp-json\/wp\/v2\/pages\/150","targetHints":{"allow":["GET"]}}],"collection":[{"href":"https:\/\/www.thorahlgren.se\/no\/wp-json\/wp\/v2\/pages"}],"about":[{"href":"https:\/\/www.thorahlgren.se\/no\/wp-json\/wp\/v2\/types\/page"}],"author":[{"embeddable":true,"href":"https:\/\/www.thorahlgren.se\/no\/wp-json\/wp\/v2\/users\/1"}],"replies":[{"embeddable":true,"href":"https:\/\/www.thorahlgren.se\/no\/wp-json\/wp\/v2\/comments?post=150"}],"version-history":[{"count":31,"href":"https:\/\/www.thorahlgren.se\/no\/wp-json\/wp\/v2\/pages\/150\/revisions"}],"predecessor-version":[{"id":1857,"href":"https:\/\/www.thorahlgren.se\/no\/wp-json\/wp\/v2\/pages\/150\/revisions\/1857"}],"wp:attachment":[{"href":"https:\/\/www.thorahlgren.se\/no\/wp-json\/wp\/v2\/media?parent=150"}],"curies":[{"name":"wp","href":"https:\/\/api.w.org\/{rel}","templated":true}]}}